{"id":146,"date":"2025-11-24T22:09:44","date_gmt":"2025-11-24T21:09:44","guid":{"rendered":"https:\/\/www.gobbsh.com\/BBSH\/?page_id=146"},"modified":"2026-03-12T18:48:58","modified_gmt":"2026-03-12T17:48:58","slug":"tour","status":"publish","type":"page","link":"https:\/\/www.gobbsh.com\/BBSH\/tour\/","title":{"rendered":"TOUR &#8211; ACTUAL"},"content":{"rendered":"<p>&nbsp;<\/p>\r\n<p style=\"text-align: center;\"><img loading=\"lazy\" decoding=\"async\" class=\"alignnone wp-image-197 size-full\" src=\"https:\/\/www.gobbsh.com\/BBSH\/wp-content\/uploads\/2025\/11\/slider_3_text2_BBSH_2026_NEU-954x330-1.png\" alt=\"\" width=\"954\" height=\"330\" srcset=\"https:\/\/www.gobbsh.com\/BBSH\/wp-content\/uploads\/2025\/11\/slider_3_text2_BBSH_2026_NEU-954x330-1.png 954w, https:\/\/www.gobbsh.com\/BBSH\/wp-content\/uploads\/2025\/11\/slider_3_text2_BBSH_2026_NEU-954x330-1-300x104.png 300w, https:\/\/www.gobbsh.com\/BBSH\/wp-content\/uploads\/2025\/11\/slider_3_text2_BBSH_2026_NEU-954x330-1-768x266.png 768w\" sizes=\"auto, (max-width: 954px) 100vw, 954px\" \/><\/p>\r\n<h3>\u00a0<\/h3>\r\n<h3>Wollten Sie schon immer wissen wie es wirklich war? &#8230;..<\/h3>\r\n<p>Wir erz\u00e4hlen die &#8222;untold stories&#8220; und lassen Sie auch die Details au\u00dferhalb des Films erfahren!<\/p>\r\n<p>Knallhart, ungesch\u00f6nt und &#8211; fast &#8211; faktenbasiert.<\/p>\r\n<p>Hier erfahren Sie all die Dinge die Sie nie wissen wollten &#8211; aber dennoch faszinieren werden.<\/p>\r\n<p>&#8230; und das unter einem g\u00e4nzlich neu geschaffenem Genre: <span style=\"text-decoration: underline;\">die halbseiden begleitete Musikgeschichte<\/span> *<\/p>\r\n<p>Daher den 30. Mai 2026 nicht verpassen &#8211; nichts verraten &#8211; aber dennoch weitererz\u00e4hlen!<\/p>\r\n<p>TICKETS HIER BESTELLBAR:\u00a0 \u00a0Sitzplatz: \u20ac 24,&#8211;\u00a0 \/ Stehplatz: \u20ac 22,&#8211;<\/p>\r\n<p><span style=\"color: #0000ff;\">Aktuell freie Tische (klick for pdf):<\/span> <a href=\"https:\/\/www.gobbsh.com\/Saalplan\/Bestuhlungsplan-Orpheum-Wien-2026.pdf\"><span style=\"color: #ff0000;\">Sitzplan Orpheum Wien 30 Mai 2026<\/span><\/a><br \/><span style=\"color: #0000ff;\">Bitte im Nachrichtentext die gew\u00fcnschte Tischnummer angeben!<\/span><br \/><span style=\"color: #0000ff;\"><span style=\"text-decoration: underline;\">Achtung:<\/span> Wir k\u00f6nnen den gew\u00fcnschten Tisch nicht garantieren und konkrete Sessel am Tisch sind nicht w\u00e4hlbar!<\/span><\/p>\r\n<p><em><strong><span style=\"color: #ff0000;\">\u00a0 \u00a0 \u00a0 \u00a0 \u00a0 \u00a0 \u00a0 \u00a0 \u00a0 \u00a0 \u00a0 \u00a0 \u00a0 \u00a0 \u00a0 \u00a0 \u00a0 \u00a0 \u00a0 \u00a0 SITZPL\u00c4TZE\u00a0 \u00a0 A U S V E R K A U F T\u00a0 !<br \/><\/span><\/strong><\/em><br \/><em>F\u00fcr etwaig stornierte Tickets wenden Sie sich an ein Bandmitglied oder an unsere Ticketline!<\/em><\/p>\r\n\r\n<p><a href=\"https:\/\/www.gobbsh.com\/BBSH\/tour\">weiteres Ticket kaufen \/ zur\u00fcck<\/a><\/p>\r\n<p>&nbsp;<\/p>\r\n<p>* copyright by Michael Linska<\/p>\r\n","protected":false},"excerpt":{"rendered":"<p>&nbsp; \u00a0 Wollten Sie schon immer wissen wie es wirklich war? &#8230;.. Wir erz\u00e4hlen die &#8222;untold stories&#8220; und lassen Sie [&hellip;]<\/p>\n","protected":false},"author":1,"featured_media":0,"parent":0,"menu_order":0,"comment_status":"closed","ping_status":"closed","template":"","meta":{"site-sidebar-layout":"default","site-content-layout":"","ast-site-content-layout":"default","site-content-style":"default","site-sidebar-style":"default","ast-global-header-display":"","ast-banner-title-visibility":"","ast-main-header-display":"","ast-hfb-above-header-display":"","ast-hfb-below-header-display":"disabled","ast-hfb-mobile-header-display":"","site-post-title":"","ast-breadcrumbs-content":"","ast-featured-img":"","footer-sml-layout":"","theme-transparent-header-meta":"default","adv-header-id-meta":"","stick-header-meta":"","header-above-stick-meta":"","header-main-stick-meta":"","header-below-stick-meta":"","astra-migrate-meta-layouts":"set","ast-page-background-enabled":"default","ast-page-background-meta":{"desktop":{"background-color":"var(--ast-global-color-5)","background-image":"","background-repeat":"repeat","background-position":"center center","background-size":"auto","background-attachment":"scroll","background-type":"","background-media":"","overlay-type":"","overlay-color":"","overlay-opacity":"","overlay-gradient":""},"tablet":{"background-color":"","background-image":"","background-repeat":"repeat","background-position":"center center","background-size":"auto","background-attachment":"scroll","background-type":"","background-media":"","overlay-type":"","overlay-color":"","overlay-opacity":"","overlay-gradient":""},"mobile":{"background-color":"","background-image":"","background-repeat":"repeat","background-position":"center center","background-size":"auto","background-attachment":"scroll","background-type":"","background-media":"","overlay-type":"","overlay-color":"","overlay-opacity":"","overlay-gradient":""}},"ast-content-background-meta":{"desktop":{"background-color":"var(--ast-global-color-4)","background-image":"","background-repeat":"repeat","background-position":"center center","background-size":"auto","background-attachment":"scroll","background-type":"","background-media":"","overlay-type":"","overlay-color":"","overlay-opacity":"","overlay-gradient":""},"tablet":{"background-color":"var(--ast-global-color-4)","background-image":"","background-repeat":"repeat","background-position":"center center","background-size":"auto","background-attachment":"scroll","background-type":"","background-media":"","overlay-type":"","overlay-color":"","overlay-opacity":"","overlay-gradient":""},"mobile":{"background-color":"var(--ast-global-color-4)","background-image":"","background-repeat":"repeat","background-position":"center center","background-size":"auto","background-attachment":"scroll","background-type":"","background-media":"","overlay-type":"","overlay-color":"","overlay-opacity":"","overlay-gradient":""}},"footnotes":""},"class_list":["post-146","page","type-page","status-publish","hentry"],"_links":{"self":[{"href":"https:\/\/www.gobbsh.com\/BBSH\/wp-json\/wp\/v2\/pages\/146","targetHints":{"allow":["GET"]}}],"collection":[{"href":"https:\/\/www.gobbsh.com\/BBSH\/wp-json\/wp\/v2\/pages"}],"about":[{"href":"https:\/\/www.gobbsh.com\/BBSH\/wp-json\/wp\/v2\/types\/page"}],"author":[{"embeddable":true,"href":"https:\/\/www.gobbsh.com\/BBSH\/wp-json\/wp\/v2\/users\/1"}],"replies":[{"embeddable":true,"href":"https:\/\/www.gobbsh.com\/BBSH\/wp-json\/wp\/v2\/comments?post=146"}],"version-history":[{"count":39,"href":"https:\/\/www.gobbsh.com\/BBSH\/wp-json\/wp\/v2\/pages\/146\/revisions"}],"predecessor-version":[{"id":662,"href":"https:\/\/www.gobbsh.com\/BBSH\/wp-json\/wp\/v2\/pages\/146\/revisions\/662"}],"wp:attachment":[{"href":"https:\/\/www.gobbsh.com\/BBSH\/wp-json\/wp\/v2\/media?parent=146"}],"curies":[{"name":"wp","href":"https:\/\/api.w.org\/{rel}","templated":true}]}}